{"id":966,"date":"2024-09-13T21:01:58","date_gmt":"2024-09-13T21:01:58","guid":{"rendered":"https:\/\/dentiste.lt\/komanda\/"},"modified":"2026-04-03T17:53:24","modified_gmt":"2026-04-03T17:53:24","slug":"team","status":"publish","type":"page","link":"https:\/\/dentiste.lt\/en\/team\/","title":{"rendered":"Team"},"content":{"rendered":"\r\n\t<section id=\"block_2df28272823b1da8d7df261ea7daed20\"\r\n             class=\"section-team-grid section-mb \"\r\n             data-animation\r\n    >\r\n\t\t<div class=\"wrapper\">\r\n                        <div class=\"grid grid-cols-1 min-[640px]:grid-cols-2 lg:grid-cols-3 gap-x-4 gap-y-8 md:gap-x-6 lg:gap-x-12\">\r\n\r\n                                \r\n<a class=\"group text-inherit\"\r\n   href=\"https:\/\/dentiste.lt\/komanda\/natalija-fedotova\/\"\r\n>\r\n\t<article>\r\n\t\t<div class=\"relative w-full pb-[96.386%] overflow-hidden rounded-2xl\">\r\n\t\t\t<img decoding=\"async\" src=\"https:\/\/dentiste.lt\/wp-content\/uploads\/2024\/09\/natalija.png\"\r\n\t\t\t\t alt=\"\"\r\n\t\t\t\t class=\"absolute inset-0 size-full object-cover object-center group-hover:grayscale transition-all duration-300 ease-out\"\r\n\t\t\t>\r\n\t\t<\/div>\r\n\t\t<div class=\"mt-8 text-20\/[120%]  tracking-1%\">\r\n\t\t\t<h3 class=\"font-medium font-body\">\r\n\t\t\t\tNatalija Fedotova\t\t\t<\/h3>\r\n\t\t\t<p class=\"font-normal mt-2\">\r\n\t\t\t\tClinic Founder, Dentist\t\t\t<\/p>\r\n\t\t<\/div>\r\n\t<\/article>\r\n<\/a>\r\n\r\n                                \r\n<a class=\"group text-inherit\"\r\n   href=\"https:\/\/dentiste.lt\/komanda\/paulius-civinskas\/\"\r\n>\r\n\t<article>\r\n\t\t<div class=\"relative w-full pb-[96.386%] overflow-hidden rounded-2xl\">\r\n\t\t\t<img decoding=\"async\" src=\"https:\/\/dentiste.lt\/wp-content\/uploads\/2024\/09\/paulius.png\"\r\n\t\t\t\t alt=\"\"\r\n\t\t\t\t class=\"absolute inset-0 size-full object-cover object-center group-hover:grayscale transition-all duration-300 ease-out\"\r\n\t\t\t>\r\n\t\t<\/div>\r\n\t\t<div class=\"mt-8 text-20\/[120%]  tracking-1%\">\r\n\t\t\t<h3 class=\"font-medium font-body\">\r\n\t\t\t\tPaulius Civinskas\t\t\t<\/h3>\r\n\t\t\t<p class=\"font-normal mt-2\">\r\n\t\t\t\tOral and Maxillofacial Surgeon\t\t\t<\/p>\r\n\t\t<\/div>\r\n\t<\/article>\r\n<\/a>\r\n\r\n                                \r\n<a class=\"group text-inherit\"\r\n   href=\"https:\/\/dentiste.lt\/komanda\/nomeda-mikneviciene\/\"\r\n>\r\n\t<article>\r\n\t\t<div class=\"relative w-full pb-[96.386%] overflow-hidden rounded-2xl\">\r\n\t\t\t<img decoding=\"async\" src=\"https:\/\/dentiste.lt\/wp-content\/uploads\/2025\/01\/nomeda.png\"\r\n\t\t\t\t alt=\"\"\r\n\t\t\t\t class=\"absolute inset-0 size-full object-cover object-center group-hover:grayscale transition-all duration-300 ease-out\"\r\n\t\t\t>\r\n\t\t<\/div>\r\n\t\t<div class=\"mt-8 text-20\/[120%]  tracking-1%\">\r\n\t\t\t<h3 class=\"font-medium font-body\">\r\n\t\t\t\tNomeda Miknevi\u010dien\u0117\t\t\t<\/h3>\r\n\t\t\t<p class=\"font-normal mt-2\">\r\n\t\t\t\tPeriodontist\t\t\t<\/p>\r\n\t\t<\/div>\r\n\t<\/article>\r\n<\/a>\r\n\r\n                                \r\n<a class=\"group text-inherit\"\r\n   href=\"https:\/\/dentiste.lt\/komanda\/ignas-kadusevicius\/\"\r\n>\r\n\t<article>\r\n\t\t<div class=\"relative w-full pb-[96.386%] overflow-hidden rounded-2xl\">\r\n\t\t\t<img decoding=\"async\" src=\"https:\/\/dentiste.lt\/wp-content\/uploads\/2025\/01\/ignas.png\"\r\n\t\t\t\t alt=\"\"\r\n\t\t\t\t class=\"absolute inset-0 size-full object-cover object-center group-hover:grayscale transition-all duration-300 ease-out\"\r\n\t\t\t>\r\n\t\t<\/div>\r\n\t\t<div class=\"mt-8 text-20\/[120%]  tracking-1%\">\r\n\t\t\t<h3 class=\"font-medium font-body\">\r\n\t\t\t\tIgnas Kadusevi\u010dius\t\t\t<\/h3>\r\n\t\t\t<p class=\"font-normal mt-2\">\r\n\t\t\t\tProsthodontist \/ Restorative Dentist\t\t\t<\/p>\r\n\t\t<\/div>\r\n\t<\/article>\r\n<\/a>\r\n\r\n                                \r\n<a class=\"group text-inherit\"\r\n   href=\"https:\/\/dentiste.lt\/komanda\/monika-mackeviciute\/\"\r\n>\r\n\t<article>\r\n\t\t<div class=\"relative w-full pb-[96.386%] overflow-hidden rounded-2xl\">\r\n\t\t\t<img decoding=\"async\" src=\"https:\/\/dentiste.lt\/wp-content\/uploads\/2025\/01\/Monika.png\"\r\n\t\t\t\t alt=\"\"\r\n\t\t\t\t class=\"absolute inset-0 size-full object-cover object-center group-hover:grayscale transition-all duration-300 ease-out\"\r\n\t\t\t>\r\n\t\t<\/div>\r\n\t\t<div class=\"mt-8 text-20\/[120%]  tracking-1%\">\r\n\t\t\t<h3 class=\"font-medium font-body\">\r\n\t\t\t\tMonika Mackevi\u010di\u016bt\u0117\t\t\t<\/h3>\r\n\t\t\t<p class=\"font-normal mt-2\">\r\n\t\t\t\tOrthodontist\t\t\t<\/p>\r\n\t\t<\/div>\r\n\t<\/article>\r\n<\/a>\r\n\r\n                                \r\n<a class=\"group text-inherit\"\r\n   href=\"https:\/\/dentiste.lt\/komanda\/laura-sliaziene\/\"\r\n>\r\n\t<article>\r\n\t\t<div class=\"relative w-full pb-[96.386%] overflow-hidden rounded-2xl\">\r\n\t\t\t<img decoding=\"async\" src=\"https:\/\/dentiste.lt\/wp-content\/uploads\/2025\/01\/laura.png\"\r\n\t\t\t\t alt=\"\"\r\n\t\t\t\t class=\"absolute inset-0 size-full object-cover object-center group-hover:grayscale transition-all duration-300 ease-out\"\r\n\t\t\t>\r\n\t\t<\/div>\r\n\t\t<div class=\"mt-8 text-20\/[120%]  tracking-1%\">\r\n\t\t\t<h3 class=\"font-medium font-body\">\r\n\t\t\t\tLaura \u0160lia\u017eien\u0117\t\t\t<\/h3>\r\n\t\t\t<p class=\"font-normal mt-2\">\r\n\t\t\t\tDentist\t\t\t<\/p>\r\n\t\t<\/div>\r\n\t<\/article>\r\n<\/a>\r\n\r\n                                \r\n<a class=\"group text-inherit\"\r\n   href=\"https:\/\/dentiste.lt\/komanda\/indre-baboniene\/\"\r\n>\r\n\t<article>\r\n\t\t<div class=\"relative w-full pb-[96.386%] overflow-hidden rounded-2xl\">\r\n\t\t\t<img decoding=\"async\" src=\"https:\/\/dentiste.lt\/wp-content\/uploads\/2025\/01\/indre.png\"\r\n\t\t\t\t alt=\"\"\r\n\t\t\t\t class=\"absolute inset-0 size-full object-cover object-center group-hover:grayscale transition-all duration-300 ease-out\"\r\n\t\t\t>\r\n\t\t<\/div>\r\n\t\t<div class=\"mt-8 text-20\/[120%]  tracking-1%\">\r\n\t\t\t<h3 class=\"font-medium font-body\">\r\n\t\t\t\tIndr\u0117 Babonien\u0117\t\t\t<\/h3>\r\n\t\t\t<p class=\"font-normal mt-2\">\r\n\t\t\t\tDentist\t\t\t<\/p>\r\n\t\t<\/div>\r\n\t<\/article>\r\n<\/a>\r\n\r\n                                \r\n<a class=\"group text-inherit\"\r\n   href=\"https:\/\/dentiste.lt\/komanda\/kristina-misiunaite\/\"\r\n>\r\n\t<article>\r\n\t\t<div class=\"relative w-full pb-[96.386%] overflow-hidden rounded-2xl\">\r\n\t\t\t<img decoding=\"async\" src=\"https:\/\/dentiste.lt\/wp-content\/uploads\/2025\/03\/Kristina-Misiunaite-min.jpg\"\r\n\t\t\t\t alt=\"\"\r\n\t\t\t\t class=\"absolute inset-0 size-full object-cover object-center group-hover:grayscale transition-all duration-300 ease-out\"\r\n\t\t\t>\r\n\t\t<\/div>\r\n\t\t<div class=\"mt-8 text-20\/[120%]  tracking-1%\">\r\n\t\t\t<h3 class=\"font-medium font-body\">\r\n\t\t\t\tKristina Misi\u016bnait\u0117\t\t\t<\/h3>\r\n\t\t\t<p class=\"font-normal mt-2\">\r\n\t\t\t\tDental Hygienist\t\t\t<\/p>\r\n\t\t<\/div>\r\n\t<\/article>\r\n<\/a>\r\n\r\n                                \r\n<a class=\"group text-inherit\"\r\n   href=\"https:\/\/dentiste.lt\/en\/komanda\/raimonda-marciulynaite-ustiliene\/\"\r\n>\r\n\t<article>\r\n\t\t<div class=\"relative w-full pb-[96.386%] overflow-hidden rounded-2xl\">\r\n\t\t\t<img decoding=\"async\" src=\"\"\r\n\t\t\t\t alt=\"\"\r\n\t\t\t\t class=\"absolute inset-0 size-full object-cover object-center group-hover:grayscale transition-all duration-300 ease-out\"\r\n\t\t\t>\r\n\t\t<\/div>\r\n\t\t<div class=\"mt-8 text-20\/[120%]  tracking-1%\">\r\n\t\t\t<h3 class=\"font-medium font-body\">\r\n\t\t\t\tRaimonda Mar\u010diulynait\u0117 &#8211; Ustilien\u0117\t\t\t<\/h3>\r\n\t\t\t<p class=\"font-normal mt-2\">\r\n\t\t\t\tEndodontist\t\t\t<\/p>\r\n\t\t<\/div>\r\n\t<\/article>\r\n<\/a>\r\n\r\n                            <\/div>\r\n\r\n\t\t<\/div>\r\n\t<\/section>\r\n\r\n\n\n\r\n\t<section id=\"block_7c022b0cac7615a24e2085ccf47b025d\"\r\n             class=\"section-register-cta section-mb \"\r\n             data-animation\r\n    >\r\n\t\t<div class=\"wrapper\">\r\n\r\n            <h2 class=\"text-49\/[90%] md:text-76\/[90%] font-condensed font-light text-center mb-8 lg:mb-24\">\r\n                Book a consultation            <\/h2>\r\n\r\n            <p class=\"text-base\/[140%]  md:text-20\/[120%] tracking-1% text-center mb-16 max-w-[280px] md:max-w-[340px] mx-auto block lg:hidden\">\r\n                Book an appointment at our clinics in the way that is most convenient for you            <\/p>\r\n\r\n<!--            <div class=\"grid grid-rows-[repeat(3,_auto)] lg:grid-rows-1 lg:grid-cols-2 relative\">-->\r\n            <div class=\" relative\">\r\n<!--                <span class=\"relative lg:absolute h-px lg:h-full w-full lg:w-0.5 bg-black-600 top-0 left-1\/2 -translate-x-1\/2 row-start-2 row-end-2 lg:row-auto my-16 lg:my-0\">-->\r\n<!--                <\/span>-->\r\n\t\t\t\t                    <div class=\"group lg:pt-24 lg:pb-[133px] lg:hover:bg-black-500 transition-colors duration-400 ease-out text-white\r\n                    lg:focus:bg-black-500 lg:focus-within:bg-black-500 focus:outline-none border-black-600 border-x-0 lg:border-x\"\r\n                         tabindex=\"0\"\r\n                    >\r\n                        <h3 class=\"text-center text-25\/[120%] md:text-31\/[90%] uppercase font-body lg:translate-y-[100px] group-hover:translate-y-0 group-focus-within:translate-y-0\r\n                        transition-transform duration-400 ease-out text-black-600 lg:group-hover:text-white lg:group-focus-within:text-white\">\r\n                            \u0160vitrigailos str. 3, LT-03228 Vilnius, Lithuania                        <\/h3>\r\n\r\n                        <p class=\"text-center mt-[88px] hidden lg:block opacity-0 translate-y-5 transition-all duration-400 group-hover:delay-100\r\n                        group-focus-within:delay-100 ease-out group-hover:opacity-100 group-hover:translate-y-0 group-focus-within:opacity-100 group-focus-within:translate-y-0\">\r\n                            Register in the way that is most convenient for you                        <\/p>\r\n\r\n                        <div class=\"mt-6 md:mt-10 lg:opacity-0 lg:translate-y-5 transition-all duration-400 group-hover:delay-200 group-focus-within:delay-200 ease-out\r\n                        group-hover:opacity-100 group-hover:translate-y-0 group-focus-within:opacity-100 group-focus-within:translate-y-0\">\r\n                            <div class=\"grid grid-cols-1 md:grid-cols-2 lg:flex justify-center  gap-4 lg:gap-x-8 xl:gap-x-16 px-6 md:px-[50px] lg:px-0\">\r\n\t\t\t\t\t\t\t\t\r\n\r\n\r\n\r\n            <a target=\"_self\"\r\n               href=\"tel:+37065092222\"\r\n               class=\"text-white px-[23px] py-[15px] border border-white rounded-60 h-[43px] flex items-center transition-colors hover:text-black-600 hover:bg-white bg-black-500 lg:bg-transparent justify-center\"\r\n            >\r\n                <span class=\"leading-90p\">\r\n                    <span>Phone<\/span> <span class=\"hidden lg:inline\">+370 6 50 92 222<\/span>                <\/span>\r\n            <\/a>\r\n\r\n        \r\n\r\n\r\n\r\n\r\n\t\t\t\t\t\t\t\t\r\n\r\n\r\n\r\n            <a target=\"_self\"\r\n               href=\"https:\/\/dentiste.lt\/kontaktai\/#form\"\r\n               class=\"px-[23px] py-[15px] border rounded-60 h-[43px] flex items-center transition-colors border-black-500 text-black-500 hover:text-white hover:bg-black-500 lg:border-white lg:text-white lg:hover:text-black-500 lg:hover:bg-white justify-center\"\r\n            >\r\n                <span class=\"leading-90p\">\r\n                    <span class=\"hidden lg:block\">Register<\/span><span class=\"block lg:hidden\">Internetu<\/span>                <\/span>\r\n            <\/a>\r\n\r\n    \r\n\r\n\r\n\r\n                            <\/div>\r\n\r\n\r\n                        <\/div>\r\n                    <\/div>\r\n                            <\/div>\r\n\r\n\r\n\t\t<\/div>\r\n\t<\/section>\r\n\r\n","protected":false},"excerpt":{"rendered":"","protected":false},"author":3,"featured_media":0,"parent":0,"menu_order":0,"comment_status":"closed","ping_status":"closed","template":"template-page.php","meta":{"_acf_changed":false,"footnotes":""},"class_list":["post-966","page","type-page","status-publish","hentry"],"acf":[],"yoast_head":"<!-- This site is optimized with the Yoast SEO plugin v26.3 - https:\/\/yoast.com\/wordpress\/plugins\/seo\/ -->\n<title>Team - Dentiste<\/title>\n<meta name=\"description\" content=\"The team at &quot;Dentiste&quot; dental clinic has accumulated many years of international experience and continuously deepens their knowledge in this field.\" \/>\n<meta name=\"robots\" content=\"index, follow, max-snippet:-1, max-image-preview:large, max-video-preview:-1\" \/>\n<link rel=\"canonical\" href=\"https:\/\/dentiste.lt\/en\/team\/\" \/>\n<meta property=\"og:locale\" content=\"en_US\" \/>\n<meta property=\"og:type\" content=\"article\" \/>\n<meta property=\"og:title\" content=\"Team - Dentiste\" \/>\n<meta property=\"og:description\" content=\"The team at &quot;Dentiste&quot; dental clinic has accumulated many years of international experience and continuously deepens their knowledge in this field.\" \/>\n<meta property=\"og:url\" content=\"https:\/\/dentiste.lt\/en\/team\/\" \/>\n<meta property=\"og:site_name\" content=\"Dentiste\" \/>\n<meta property=\"article:publisher\" content=\"https:\/\/www.facebook.com\/DentisteLituanie\/?locale=lt_LT\" \/>\n<meta property=\"article:modified_time\" content=\"2026-04-03T17:53:24+00:00\" \/>\n<meta property=\"og:image\" content=\"https:\/\/dentiste.lt\/wp-content\/uploads\/2025\/02\/00.2_OG.png\" \/>\n\t<meta property=\"og:image:width\" content=\"1200\" \/>\n\t<meta property=\"og:image:height\" content=\"630\" \/>\n\t<meta property=\"og:image:type\" content=\"image\/png\" \/>\n<meta name=\"twitter:card\" content=\"summary_large_image\" \/>\n<script type=\"application\/ld+json\" class=\"yoast-schema-graph\">{\"@context\":\"https:\/\/schema.org\",\"@graph\":[{\"@type\":\"WebPage\",\"@id\":\"https:\/\/dentiste.lt\/en\/team\/\",\"url\":\"https:\/\/dentiste.lt\/en\/team\/\",\"name\":\"Team - Dentiste\",\"isPartOf\":{\"@id\":\"https:\/\/dentiste.lt\/en\/#website\"},\"datePublished\":\"2024-09-13T21:01:58+00:00\",\"dateModified\":\"2026-04-03T17:53:24+00:00\",\"description\":\"The team at \\\"Dentiste\\\" dental clinic has accumulated many years of international experience and continuously deepens their knowledge in this field.\",\"breadcrumb\":{\"@id\":\"https:\/\/dentiste.lt\/en\/team\/#breadcrumb\"},\"inLanguage\":\"en-US\",\"potentialAction\":[{\"@type\":\"ReadAction\",\"target\":[\"https:\/\/dentiste.lt\/en\/team\/\"]}]},{\"@type\":\"BreadcrumbList\",\"@id\":\"https:\/\/dentiste.lt\/en\/team\/#breadcrumb\",\"itemListElement\":[{\"@type\":\"ListItem\",\"position\":1,\"name\":\"Home\",\"item\":\"https:\/\/dentiste.lt\/en\/\"},{\"@type\":\"ListItem\",\"position\":2,\"name\":\"Team\"}]},{\"@type\":\"WebSite\",\"@id\":\"https:\/\/dentiste.lt\/en\/#website\",\"url\":\"https:\/\/dentiste.lt\/en\/\",\"name\":\"Dentiste\",\"description\":\"Odontologijos klinika Vilniuje\",\"publisher\":{\"@id\":\"https:\/\/dentiste.lt\/en\/#organization\"},\"potentialAction\":[{\"@type\":\"SearchAction\",\"target\":{\"@type\":\"EntryPoint\",\"urlTemplate\":\"https:\/\/dentiste.lt\/en\/?s={search_term_string}\"},\"query-input\":{\"@type\":\"PropertyValueSpecification\",\"valueRequired\":true,\"valueName\":\"search_term_string\"}}],\"inLanguage\":\"en-US\"},{\"@type\":\"Organization\",\"@id\":\"https:\/\/dentiste.lt\/en\/#organization\",\"name\":\"Dentiste\",\"url\":\"https:\/\/dentiste.lt\/en\/\",\"logo\":{\"@type\":\"ImageObject\",\"inLanguage\":\"en-US\",\"@id\":\"https:\/\/dentiste.lt\/en\/#\/schema\/logo\/image\/\",\"url\":\"https:\/\/dentiste.lt\/wp-content\/uploads\/2025\/02\/DENTISTE_Logo-black-1.jpg\",\"contentUrl\":\"https:\/\/dentiste.lt\/wp-content\/uploads\/2025\/02\/DENTISTE_Logo-black-1.jpg\",\"width\":1978,\"height\":1326,\"caption\":\"Dentiste\"},\"image\":{\"@id\":\"https:\/\/dentiste.lt\/en\/#\/schema\/logo\/image\/\"},\"sameAs\":[\"https:\/\/www.facebook.com\/DentisteLituanie\/?locale=lt_LT\"]}]}<\/script>\n<!-- \/ Yoast SEO plugin. -->","yoast_head_json":{"title":"Team - Dentiste","description":"The team at \"Dentiste\" dental clinic has accumulated many years of international experience and continuously deepens their knowledge in this field.","robots":{"index":"index","follow":"follow","max-snippet":"max-snippet:-1","max-image-preview":"max-image-preview:large","max-video-preview":"max-video-preview:-1"},"canonical":"https:\/\/dentiste.lt\/en\/team\/","og_locale":"en_US","og_type":"article","og_title":"Team - Dentiste","og_description":"The team at \"Dentiste\" dental clinic has accumulated many years of international experience and continuously deepens their knowledge in this field.","og_url":"https:\/\/dentiste.lt\/en\/team\/","og_site_name":"Dentiste","article_publisher":"https:\/\/www.facebook.com\/DentisteLituanie\/?locale=lt_LT","article_modified_time":"2026-04-03T17:53:24+00:00","og_image":[{"width":1200,"height":630,"url":"https:\/\/dentiste.lt\/wp-content\/uploads\/2025\/02\/00.2_OG.png","type":"image\/png"}],"twitter_card":"summary_large_image","schema":{"@context":"https:\/\/schema.org","@graph":[{"@type":"WebPage","@id":"https:\/\/dentiste.lt\/en\/team\/","url":"https:\/\/dentiste.lt\/en\/team\/","name":"Team - Dentiste","isPartOf":{"@id":"https:\/\/dentiste.lt\/en\/#website"},"datePublished":"2024-09-13T21:01:58+00:00","dateModified":"2026-04-03T17:53:24+00:00","description":"The team at \"Dentiste\" dental clinic has accumulated many years of international experience and continuously deepens their knowledge in this field.","breadcrumb":{"@id":"https:\/\/dentiste.lt\/en\/team\/#breadcrumb"},"inLanguage":"en-US","potentialAction":[{"@type":"ReadAction","target":["https:\/\/dentiste.lt\/en\/team\/"]}]},{"@type":"BreadcrumbList","@id":"https:\/\/dentiste.lt\/en\/team\/#breadcrumb","itemListElement":[{"@type":"ListItem","position":1,"name":"Home","item":"https:\/\/dentiste.lt\/en\/"},{"@type":"ListItem","position":2,"name":"Team"}]},{"@type":"WebSite","@id":"https:\/\/dentiste.lt\/en\/#website","url":"https:\/\/dentiste.lt\/en\/","name":"Dentiste","description":"Odontologijos klinika Vilniuje","publisher":{"@id":"https:\/\/dentiste.lt\/en\/#organization"},"potentialAction":[{"@type":"SearchAction","target":{"@type":"EntryPoint","urlTemplate":"https:\/\/dentiste.lt\/en\/?s={search_term_string}"},"query-input":{"@type":"PropertyValueSpecification","valueRequired":true,"valueName":"search_term_string"}}],"inLanguage":"en-US"},{"@type":"Organization","@id":"https:\/\/dentiste.lt\/en\/#organization","name":"Dentiste","url":"https:\/\/dentiste.lt\/en\/","logo":{"@type":"ImageObject","inLanguage":"en-US","@id":"https:\/\/dentiste.lt\/en\/#\/schema\/logo\/image\/","url":"https:\/\/dentiste.lt\/wp-content\/uploads\/2025\/02\/DENTISTE_Logo-black-1.jpg","contentUrl":"https:\/\/dentiste.lt\/wp-content\/uploads\/2025\/02\/DENTISTE_Logo-black-1.jpg","width":1978,"height":1326,"caption":"Dentiste"},"image":{"@id":"https:\/\/dentiste.lt\/en\/#\/schema\/logo\/image\/"},"sameAs":["https:\/\/www.facebook.com\/DentisteLituanie\/?locale=lt_LT"]}]}},"_links":{"self":[{"href":"https:\/\/dentiste.lt\/en\/wp-json\/wp\/v2\/pages\/966","targetHints":{"allow":["GET"]}}],"collection":[{"href":"https:\/\/dentiste.lt\/en\/wp-json\/wp\/v2\/pages"}],"about":[{"href":"https:\/\/dentiste.lt\/en\/wp-json\/wp\/v2\/types\/page"}],"author":[{"embeddable":true,"href":"https:\/\/dentiste.lt\/en\/wp-json\/wp\/v2\/users\/3"}],"replies":[{"embeddable":true,"href":"https:\/\/dentiste.lt\/en\/wp-json\/wp\/v2\/comments?post=966"}],"version-history":[{"count":6,"href":"https:\/\/dentiste.lt\/en\/wp-json\/wp\/v2\/pages\/966\/revisions"}],"predecessor-version":[{"id":1194,"href":"https:\/\/dentiste.lt\/en\/wp-json\/wp\/v2\/pages\/966\/revisions\/1194"}],"wp:attachment":[{"href":"https:\/\/dentiste.lt\/en\/wp-json\/wp\/v2\/media?parent=966"}],"curies":[{"name":"wp","href":"https:\/\/api.w.org\/{rel}","templated":true}]}}